{"id":151,"date":"2025-01-08T10:12:56","date_gmt":"2025-01-08T09:12:56","guid":{"rendered":"https:\/\/nextbike-live.pluspol-networks.de\/velocite-mulhouse\/?page_id=151"},"modified":"2025-04-08T09:28:38","modified_gmt":"2025-04-08T07:28:38","slug":"carte","status":"publish","type":"page","link":"https:\/\/www.velocite-mulhouse.fr\/fr\/carte\/","title":{"rendered":"Carte"},"content":{"rendered":"<nb-website-map\n            style='width: 100%; height: 600px; font-size: 16px'\n            nb-api-key='BuP6DpOeWu7M9ujn'\n            nb-show-legend='true'\n            show-searchbox='false'\n            nb-language='fr'\n            nb-brands='af'\n            nb-zoom='14'\n            nb-cities='1124'\n            nb-cities-focus='1124'\n            nb-branding='af'\n        ><\/nb-website-map>\n","protected":false},"excerpt":{"rendered":"","protected":false},"author":13,"featured_media":0,"parent":0,"menu_order":0,"comment_status":"closed","ping_status":"closed","template":"page-bubble.php","meta":{"_acf_changed":false,"inline_featured_image":false,"footnotes":""},"class_list":["post-151","page","type-page","status-publish","hentry"],"acf":[],"yoast_head":"<!-- This site is optimized with the Yoast SEO plugin v27.2 - https:\/\/yoast.com\/product\/yoast-seo-wordpress\/ -->\n<title>Carte des stations de V\u00e9loCit\u00e9<\/title>\n<meta name=\"description\" content=\"Regarde o\u00f9 se trouvent les stations V\u00e9loCit\u00e9 \u00e0 Mulhouse.\" \/>\n<meta name=\"robots\" content=\"index, follow, max-snippet:-1, max-image-preview:large, max-video-preview:-1\" \/>\n<link rel=\"canonical\" href=\"https:\/\/www.velocite-mulhouse.fr\/fr\/carte\/\" \/>\n<meta property=\"og:locale\" content=\"fr_FR\" \/>\n<meta property=\"og:type\" content=\"article\" \/>\n<meta property=\"og:title\" content=\"Carte des stations de V\u00e9loCit\u00e9\" \/>\n<meta property=\"og:description\" content=\"Regarde o\u00f9 se trouvent les stations V\u00e9loCit\u00e9 \u00e0 Mulhouse.\" \/>\n<meta property=\"og:url\" content=\"https:\/\/www.velocite-mulhouse.fr\/fr\/carte\/\" \/>\n<meta property=\"og:site_name\" content=\"Velocite Mulhouse\" \/>\n<meta property=\"article:modified_time\" content=\"2025-04-08T07:28:38+00:00\" \/>\n<meta name=\"twitter:card\" content=\"summary_large_image\" \/>\n<meta name=\"twitter:label1\" content=\"Dur\u00e9e de lecture estim\u00e9e\" \/>\n\t<meta name=\"twitter:data1\" content=\"1 minute\" \/>\n<script type=\"application\/ld+json\" class=\"yoast-schema-graph\">{\"@context\":\"https:\/\/schema.org\",\"@graph\":[{\"@type\":\"WebPage\",\"@id\":\"https:\/\/www.velocite-mulhouse.fr\/fr\/carte\/\",\"url\":\"https:\/\/www.velocite-mulhouse.fr\/fr\/carte\/\",\"name\":\"Carte des stations de V\u00e9loCit\u00e9\",\"isPartOf\":{\"@id\":\"https:\/\/www.velocite-mulhouse.fr\/fr\/#website\"},\"datePublished\":\"2025-01-08T09:12:56+00:00\",\"dateModified\":\"2025-04-08T07:28:38+00:00\",\"description\":\"Regarde o\u00f9 se trouvent les stations V\u00e9loCit\u00e9 \u00e0 Mulhouse.\",\"breadcrumb\":{\"@id\":\"https:\/\/www.velocite-mulhouse.fr\/fr\/carte\/#breadcrumb\"},\"inLanguage\":\"fr-FR\",\"potentialAction\":[{\"@type\":\"ReadAction\",\"target\":[\"https:\/\/www.velocite-mulhouse.fr\/fr\/carte\/\"]}]},{\"@type\":\"BreadcrumbList\",\"@id\":\"https:\/\/www.velocite-mulhouse.fr\/fr\/carte\/#breadcrumb\",\"itemListElement\":[{\"@type\":\"ListItem\",\"position\":1,\"name\":\"Startseite\",\"item\":\"https:\/\/www.velocite-mulhouse.fr\/fr\/\"},{\"@type\":\"ListItem\",\"position\":2,\"name\":\"Carte\"}]},{\"@type\":\"WebSite\",\"@id\":\"https:\/\/www.velocite-mulhouse.fr\/fr\/#website\",\"url\":\"https:\/\/www.velocite-mulhouse.fr\/fr\/\",\"name\":\"Velocite Mulhouse\",\"description\":\"Bike Sharing by nextbike\",\"potentialAction\":[{\"@type\":\"SearchAction\",\"target\":{\"@type\":\"EntryPoint\",\"urlTemplate\":\"https:\/\/www.velocite-mulhouse.fr\/fr\/?s={search_term_string}\"},\"query-input\":{\"@type\":\"PropertyValueSpecification\",\"valueRequired\":true,\"valueName\":\"search_term_string\"}}],\"inLanguage\":\"fr-FR\"}]}<\/script>\n<!-- \/ Yoast SEO plugin. -->","yoast_head_json":{"title":"Carte des stations de V\u00e9loCit\u00e9","description":"Regarde o\u00f9 se trouvent les stations V\u00e9loCit\u00e9 \u00e0 Mulhouse.","robots":{"index":"index","follow":"follow","max-snippet":"max-snippet:-1","max-image-preview":"max-image-preview:large","max-video-preview":"max-video-preview:-1"},"canonical":"https:\/\/www.velocite-mulhouse.fr\/fr\/carte\/","og_locale":"fr_FR","og_type":"article","og_title":"Carte des stations de V\u00e9loCit\u00e9","og_description":"Regarde o\u00f9 se trouvent les stations V\u00e9loCit\u00e9 \u00e0 Mulhouse.","og_url":"https:\/\/www.velocite-mulhouse.fr\/fr\/carte\/","og_site_name":"Velocite Mulhouse","article_modified_time":"2025-04-08T07:28:38+00:00","twitter_card":"summary_large_image","twitter_misc":{"Dur\u00e9e de lecture estim\u00e9e":"1 minute"},"schema":{"@context":"https:\/\/schema.org","@graph":[{"@type":"WebPage","@id":"https:\/\/www.velocite-mulhouse.fr\/fr\/carte\/","url":"https:\/\/www.velocite-mulhouse.fr\/fr\/carte\/","name":"Carte des stations de V\u00e9loCit\u00e9","isPartOf":{"@id":"https:\/\/www.velocite-mulhouse.fr\/fr\/#website"},"datePublished":"2025-01-08T09:12:56+00:00","dateModified":"2025-04-08T07:28:38+00:00","description":"Regarde o\u00f9 se trouvent les stations V\u00e9loCit\u00e9 \u00e0 Mulhouse.","breadcrumb":{"@id":"https:\/\/www.velocite-mulhouse.fr\/fr\/carte\/#breadcrumb"},"inLanguage":"fr-FR","potentialAction":[{"@type":"ReadAction","target":["https:\/\/www.velocite-mulhouse.fr\/fr\/carte\/"]}]},{"@type":"BreadcrumbList","@id":"https:\/\/www.velocite-mulhouse.fr\/fr\/carte\/#breadcrumb","itemListElement":[{"@type":"ListItem","position":1,"name":"Startseite","item":"https:\/\/www.velocite-mulhouse.fr\/fr\/"},{"@type":"ListItem","position":2,"name":"Carte"}]},{"@type":"WebSite","@id":"https:\/\/www.velocite-mulhouse.fr\/fr\/#website","url":"https:\/\/www.velocite-mulhouse.fr\/fr\/","name":"Velocite Mulhouse","description":"Bike Sharing by nextbike","potentialAction":[{"@type":"SearchAction","target":{"@type":"EntryPoint","urlTemplate":"https:\/\/www.velocite-mulhouse.fr\/fr\/?s={search_term_string}"},"query-input":{"@type":"PropertyValueSpecification","valueRequired":true,"valueName":"search_term_string"}}],"inLanguage":"fr-FR"}]}},"_links":{"self":[{"href":"https:\/\/www.velocite-mulhouse.fr\/fr\/wp-json\/wp\/v2\/pages\/151","targetHints":{"allow":["GET"]}}],"collection":[{"href":"https:\/\/www.velocite-mulhouse.fr\/fr\/wp-json\/wp\/v2\/pages"}],"about":[{"href":"https:\/\/www.velocite-mulhouse.fr\/fr\/wp-json\/wp\/v2\/types\/page"}],"author":[{"embeddable":true,"href":"https:\/\/www.velocite-mulhouse.fr\/fr\/wp-json\/wp\/v2\/users\/13"}],"replies":[{"embeddable":true,"href":"https:\/\/www.velocite-mulhouse.fr\/fr\/wp-json\/wp\/v2\/comments?post=151"}],"version-history":[{"count":12,"href":"https:\/\/www.velocite-mulhouse.fr\/fr\/wp-json\/wp\/v2\/pages\/151\/revisions"}],"predecessor-version":[{"id":407,"href":"https:\/\/www.velocite-mulhouse.fr\/fr\/wp-json\/wp\/v2\/pages\/151\/revisions\/407"}],"wp:attachment":[{"href":"https:\/\/www.velocite-mulhouse.fr\/fr\/wp-json\/wp\/v2\/media?parent=151"}],"curies":[{"name":"wp","href":"https:\/\/api.w.org\/{rel}","templated":true}]}}